{"id":18,"date":"2018-06-05T16:16:48","date_gmt":"2018-06-05T14:16:48","guid":{"rendered":"https:\/\/www.weyer.aero\/shop\/impressum\/"},"modified":"2023-08-01T18:45:57","modified_gmt":"2023-08-01T16:45:57","slug":"impressum","status":"publish","type":"page","link":"https:\/\/www.weyer.aero\/shop\/impressum\/","title":{"rendered":"Impressum"},"content":{"rendered":"<div id='full_slider_1'  class='avia-fullwidth-slider main_color avia-shadow   avia-builder-el-0  el_before_av_section  avia-builder-el-first   container_wrap sidebar_right'  ><div  class='avia-slideshow av-5yuzgw-c90e80364fbfc090fde640d14831d946 avia-slideshow-featured av_slideshow_full avia-slide-slider av-slideshow-ui av-control-default av-slideshow-manual av-loop-once av-loop-manual-endless av-default-height-applied   avia-slideshow-1' data-slideshow-options=\"{&quot;animation&quot;:&quot;slide&quot;,&quot;autoplay&quot;:false,&quot;loop_autoplay&quot;:&quot;once&quot;,&quot;interval&quot;:5,&quot;loop_manual&quot;:&quot;manual-endless&quot;,&quot;autoplay_stopper&quot;:false,&quot;noNavigation&quot;:false,&quot;bg_slider&quot;:false,&quot;keep_padding&quot;:false,&quot;hoverpause&quot;:false,&quot;show_slide_delay&quot;:0}\"  itemprop=\"image\" itemscope=\"itemscope\" itemtype=\"https:\/\/schema.org\/ImageObject\" ><ul class='avia-slideshow-inner ' style='padding-bottom: 23.3333333333%;'><li  class='avia-slideshow-slide av-5yuzgw-c90e80364fbfc090fde640d14831d946__0  av-single-slide slide-1 slide-odd'><div data-rel='slideshow-1' class='avia-slide-wrap '   ><img decoding=\"async\" fetchpriority=\"high\" class=\"wp-image-3945 avia-img-lazy-loading-not-3945\"  src=\"https:\/\/www.weyer.aero\/shop\/wp-content\/uploads\/2018\/08\/home-1500x350.jpg\" width=\"1500\" height=\"350\" title='home' alt=''  itemprop=\"thumbnailUrl\"   \/><\/div><\/li><\/ul><\/div><\/div>\n<div id='av_section_1'  class='avia-section av-4ohqvk-93f6ecec20a097c87ab5037a4d937ba9 alternate_color avia-section-default avia-no-shadow  avia-builder-el-1  el_after_av_slideshow_full  avia-builder-el-last  avia-bg-style-scroll container_wrap sidebar_right'  ><div class='container av-section-cont-open' ><div class='template-page content  av-content-small alpha units'><div class='post-entry post-entry-type-page post-entry-18'><div class='entry-content-wrapper clearfix'>\n\n<style type=\"text\/css\" data-created_by=\"avia_inline_auto\" id=\"style-css-av-41xmrk-c8d547463c99eb1af7cf58c7a4e1bf70\">\n.flex_column.av-41xmrk-c8d547463c99eb1af7cf58c7a4e1bf70{\nborder-radius:0px 0px 0px 0px;\npadding:0px 0px 0px 0px;\n}\n<\/style>\n<div  class='flex_column av-41xmrk-c8d547463c99eb1af7cf58c7a4e1bf70 av_one_full  avia-builder-el-2  avia-builder-el-no-sibling  first flex_column_div av-zero-column-padding  '     ><p><div  class='avia-builder-widget-area clearfix  avia-builder-el-3  el_before_av_textblock  avia-builder-el-first '><div id=\"custom_html-2\" class=\"widget_text widget clearfix widget_custom_html\"><div class=\"textwidget custom-html-widget\"><div class=\"breadcrumb breadcrumbs avia-breadcrumbs\"><div class=\"breadcrumb-trail\" ><span class=\"trail-before\"><span class=\"breadcrumb-title\">Sie sind hier:<\/span><\/span> <span  itemscope=\"itemscope\" itemtype=\"https:\/\/schema.org\/BreadcrumbList\" ><span  itemscope=\"itemscope\" itemtype=\"https:\/\/schema.org\/ListItem\" itemprop=\"itemListElement\" ><a itemprop=\"url\" href=\"https:\/\/www.weyer.aero\/shop\" title=\"Weyer Shop\" rel=\"home\" class=\"trail-begin\"><span itemprop=\"name\">Startseite<\/span><\/a><span itemprop=\"position\" class=\"hidden\">1<\/span><\/span><\/span><\/div><\/div><\/div><\/div><\/div><br \/>\n<section  class='av_textblock_section av-jk15k7t4-70a970fb1ffd5fe41b94ea30a2c09593 '   itemscope=\"itemscope\" itemtype=\"https:\/\/schema.org\/CreativeWork\" ><div class='avia_textblock'  itemprop=\"text\" ><h1>IMPRESSUM<\/h1>\n<p>Weyer GmbH<br \/>\nSch\u00f6nbachstra\u00dfe 2<br \/>\nD-86919 Utting am Ammersee<\/p>\n<h3>Vertreten durch:<\/h3>\n<p>Gesch\u00e4ftsf\u00fchrer Niklas Weyer<\/p>\n<h3>Kontakt:<\/h3>\n<p>Telefon:<\/p>\n<p>(+49) 0 8806 95 83 50<\/p>\n<p>Telefax:<\/p>\n<p>(+49) 0 8806 95 83 51<\/p>\n<p>E-Mail:<\/p>\n<p>info[at]weyer.aero<\/p>\n<h3>Registereintrag:<\/h3>\n<p>Eintragung im Handelsregister.<br \/>\nRegistergericht: Amtsgericht Augsburg<br \/>\nRegisternummer: 17889<\/p>\n<h3>Umsatzsteuer-ID:<\/h3>\n<p>Umsatzsteuer-Identifikationsnummer gem\u00e4\u00df \u00a727 a Umsatzsteuergesetz:<br \/>\nDE212.297.769<\/p>\n<h3>Konzept, Design<\/h3>\n<p>klarelinie agentur f\u00fcr gestaltung gmbH<br \/>\nhechenwangerstrasse 15 b<br \/>\n86919 utting am ammersee \/ germany<br \/>\ntelefon plus 49.8806 9578940<\/p>\n<h3>Redaktionell verantwortlich<\/h3>\n<p>Niklas Weyer<\/p>\n<h3>WEB-ENTWICKLUNG<\/h3>\n<p><a href=\"https:\/\/www.ammersee-media.de\/\">Ammersee Media GmbH \u2013 Online Marketing<\/a><br \/>\n<a href=\"https:\/\/wp-website-service.de\/\">WordPress Wartung &#8211; Betreuung und Service<\/a><\/p>\n<h3>Haftungsausschluss (Disclaimer)<\/h3>\n<p><strong>Haftung f\u00fcr Inhalte<\/strong><\/p>\n<p>Als Diensteanbieter sind wir gem\u00e4\u00df \u00a7 7 Abs.1 TMG f\u00fcr eigene Inhalte auf diesen Seiten nach den allgemeinen Gesetzen verantwortlich. Nach \u00a7\u00a7 8 bis 10 TMG sind wir als Diensteanbieter jedoch nicht verpflichtet, \u00fcbermittelte oder gespeicherte fremde Informationen zu \u00fcberwachen oder nach Umst\u00e4nden zu forschen, die auf eine rechtswidrige T\u00e4tigkeit hinweisen. Verpflichtungen zur Entfernung oder Sperrung der Nutzung von Informationen nach den allgemeinen Gesetzen bleiben hiervon unber\u00fchrt. Eine diesbez\u00fcgliche Haftung ist jedoch erst ab dem Zeitpunkt der Kenntnis einer konkreten Rechtsverletzung m\u00f6glich. Bei Bekanntwerden von entsprechenden Rechtsverletzungen werden wir diese Inhalte umgehend entfernen.<\/p>\n<p><strong>Haftung f\u00fcr Links<\/strong><\/p>\n<p>Unser Angebot enth\u00e4lt Links zu externen Webseiten Dritter, auf deren Inhalte wir keinen Einfluss haben. Deshalb k\u00f6nnen wir f\u00fcr diese fremden Inhalte auch keine Gew\u00e4hr \u00fcbernehmen. F\u00fcr die Inhalte der verlinkten Seiten ist stets der jeweilige Anbieter oder Betreiber der Seiten verantwortlich. Die verlinkten Seiten wurden zum Zeitpunkt der Verlinkung auf m\u00f6gliche Rechtsverst\u00f6\u00dfe \u00fcberpr\u00fcft. Rechtswidrige Inhalte waren zum Zeitpunkt der Verlinkung nicht erkennbar. Eine permanente inhaltliche Kontrolle der verlinkten Seiten ist jedoch ohne konkrete Anhaltspunkte einer Rechtsverletzung nicht zumutbar. Bei Bekanntwerden von Rechtsverletzungen werden wir derartige Links umgehend entfernen.<\/p>\n<p><strong>Urheberrecht<\/strong><\/p>\n<p>Die durch die Seitenbetreiber erstellten Inhalte und Werke auf diesen Seiten unterliegen dem deutschen Urheberrecht. Die Vervielf\u00e4ltigung, Bearbeitung, Verbreitung und jede Art der Verwertung au\u00dferhalb der Grenzen des Urheberrechtes bed\u00fcrfen der schriftlichen Zustimmung des jeweiligen Autors bzw. Erstellers. Downloads und Kopien dieser Seite sind nur f\u00fcr den privaten, nicht kommerziellen Gebrauch gestattet. Soweit die Inhalte auf dieser Seite nicht vom Betreiber erstellt wurden, werden die Urheberrechte Dritter beachtet. Insbesondere werden Inhalte Dritter als solche gekennzeichnet. Sollten Sie trotzdem auf eine Urheberrechtsverletzung aufmerksam werden, bitten wir um einen entsprechenden Hinweis. Bei Bekanntwerden von Rechtsverletzungen werden wir derartige Inhalte umgehend entfernen.<\/p>\n<p>Bildrechte auf der Seite weyer.aero\/masken bei OnDirex UG<\/p>\n<\/div><\/section><\/p><\/div><\/div><\/div><\/div><!-- close content main div --><\/div><\/div><div id='after_section_1'  class='main_color av_default_container_wrap container_wrap sidebar_right'  ><div class='container av-section-cont-open' ><div class='template-page content  av-content-small alpha units'><div class='post-entry post-entry-type-page post-entry-18'><div class='entry-content-wrapper clearfix'>\n","protected":false},"excerpt":{"rendered":"","protected":false},"author":1,"featured_media":0,"parent":0,"menu_order":0,"comment_status":"closed","ping_status":"closed","template":"","meta":{"footnotes":""},"class_list":["post-18","page","type-page","status-publish","hentry"],"yoast_head":"<!-- This site is optimized with the Yoast SEO plugin v27.5 - https:\/\/yoast.com\/product\/yoast-seo-wordpress\/ -->\n<title>Impressum - Weyer Shop<\/title>\n<meta name=\"robots\" content=\"index, follow, max-snippet:-1, max-image-preview:large, max-video-preview:-1\" \/>\n<link rel=\"canonical\" href=\"https:\/\/www.weyer.aero\/shop\/impressum\/\" \/>\n<meta property=\"og:locale\" content=\"de_DE\" \/>\n<meta property=\"og:type\" content=\"article\" \/>\n<meta property=\"og:title\" content=\"Impressum - Weyer Shop\" \/>\n<meta property=\"og:url\" content=\"https:\/\/www.weyer.aero\/shop\/impressum\/\" \/>\n<meta property=\"og:site_name\" content=\"Weyer Shop\" \/>\n<meta property=\"article:modified_time\" content=\"2023-08-01T16:45:57+00:00\" \/>\n<meta name=\"twitter:card\" content=\"summary_large_image\" \/>\n<meta name=\"twitter:label1\" content=\"Gesch\u00e4tzte Lesezeit\" \/>\n\t<meta name=\"twitter:data1\" content=\"3\u00a0Minuten\" \/>\n<script type=\"application\/ld+json\" class=\"yoast-schema-graph\">{\"@context\":\"https:\\\/\\\/schema.org\",\"@graph\":[{\"@type\":\"WebPage\",\"@id\":\"https:\\\/\\\/www.weyer.aero\\\/shop\\\/impressum\\\/\",\"url\":\"https:\\\/\\\/www.weyer.aero\\\/shop\\\/impressum\\\/\",\"name\":\"Impressum - Weyer Shop\",\"isPartOf\":{\"@id\":\"https:\\\/\\\/www.weyer.aero\\\/shop\\\/#website\"},\"datePublished\":\"2018-06-05T14:16:48+00:00\",\"dateModified\":\"2023-08-01T16:45:57+00:00\",\"breadcrumb\":{\"@id\":\"https:\\\/\\\/www.weyer.aero\\\/shop\\\/impressum\\\/#breadcrumb\"},\"inLanguage\":\"de\",\"potentialAction\":[{\"@type\":\"ReadAction\",\"target\":[\"https:\\\/\\\/www.weyer.aero\\\/shop\\\/impressum\\\/\"]}]},{\"@type\":\"BreadcrumbList\",\"@id\":\"https:\\\/\\\/www.weyer.aero\\\/shop\\\/impressum\\\/#breadcrumb\",\"itemListElement\":[{\"@type\":\"ListItem\",\"position\":1,\"name\":\"Startseite\",\"item\":\"https:\\\/\\\/www.weyer.aero\\\/shop\\\/online-shop-flughafenausstattung-und-pilotenbedarf\\\/\"},{\"@type\":\"ListItem\",\"position\":2,\"name\":\"Impressum\"}]},{\"@type\":\"WebSite\",\"@id\":\"https:\\\/\\\/www.weyer.aero\\\/shop\\\/#website\",\"url\":\"https:\\\/\\\/www.weyer.aero\\\/shop\\\/\",\"name\":\"Weyer Shop\",\"description\":\"\",\"potentialAction\":[{\"@type\":\"SearchAction\",\"target\":{\"@type\":\"EntryPoint\",\"urlTemplate\":\"https:\\\/\\\/www.weyer.aero\\\/shop\\\/?s={search_term_string}\"},\"query-input\":{\"@type\":\"PropertyValueSpecification\",\"valueRequired\":true,\"valueName\":\"search_term_string\"}}],\"inLanguage\":\"de\"}]}<\/script>\n<!-- \/ Yoast SEO plugin. -->","yoast_head_json":{"title":"Impressum - Weyer Shop","robots":{"index":"index","follow":"follow","max-snippet":"max-snippet:-1","max-image-preview":"max-image-preview:large","max-video-preview":"max-video-preview:-1"},"canonical":"https:\/\/www.weyer.aero\/shop\/impressum\/","og_locale":"de_DE","og_type":"article","og_title":"Impressum - Weyer Shop","og_url":"https:\/\/www.weyer.aero\/shop\/impressum\/","og_site_name":"Weyer Shop","article_modified_time":"2023-08-01T16:45:57+00:00","twitter_card":"summary_large_image","twitter_misc":{"Gesch\u00e4tzte Lesezeit":"3\u00a0Minuten"},"schema":{"@context":"https:\/\/schema.org","@graph":[{"@type":"WebPage","@id":"https:\/\/www.weyer.aero\/shop\/impressum\/","url":"https:\/\/www.weyer.aero\/shop\/impressum\/","name":"Impressum - Weyer Shop","isPartOf":{"@id":"https:\/\/www.weyer.aero\/shop\/#website"},"datePublished":"2018-06-05T14:16:48+00:00","dateModified":"2023-08-01T16:45:57+00:00","breadcrumb":{"@id":"https:\/\/www.weyer.aero\/shop\/impressum\/#breadcrumb"},"inLanguage":"de","potentialAction":[{"@type":"ReadAction","target":["https:\/\/www.weyer.aero\/shop\/impressum\/"]}]},{"@type":"BreadcrumbList","@id":"https:\/\/www.weyer.aero\/shop\/impressum\/#breadcrumb","itemListElement":[{"@type":"ListItem","position":1,"name":"Startseite","item":"https:\/\/www.weyer.aero\/shop\/online-shop-flughafenausstattung-und-pilotenbedarf\/"},{"@type":"ListItem","position":2,"name":"Impressum"}]},{"@type":"WebSite","@id":"https:\/\/www.weyer.aero\/shop\/#website","url":"https:\/\/www.weyer.aero\/shop\/","name":"Weyer Shop","description":"","potentialAction":[{"@type":"SearchAction","target":{"@type":"EntryPoint","urlTemplate":"https:\/\/www.weyer.aero\/shop\/?s={search_term_string}"},"query-input":{"@type":"PropertyValueSpecification","valueRequired":true,"valueName":"search_term_string"}}],"inLanguage":"de"}]}},"_links":{"self":[{"href":"https:\/\/www.weyer.aero\/shop\/wp-json\/wp\/v2\/pages\/18","targetHints":{"allow":["GET"]}}],"collection":[{"href":"https:\/\/www.weyer.aero\/shop\/wp-json\/wp\/v2\/pages"}],"about":[{"href":"https:\/\/www.weyer.aero\/shop\/wp-json\/wp\/v2\/types\/page"}],"author":[{"embeddable":true,"href":"https:\/\/www.weyer.aero\/shop\/wp-json\/wp\/v2\/users\/1"}],"replies":[{"embeddable":true,"href":"https:\/\/www.weyer.aero\/shop\/wp-json\/wp\/v2\/comments?post=18"}],"version-history":[{"count":1,"href":"https:\/\/www.weyer.aero\/shop\/wp-json\/wp\/v2\/pages\/18\/revisions"}],"predecessor-version":[{"id":5868,"href":"https:\/\/www.weyer.aero\/shop\/wp-json\/wp\/v2\/pages\/18\/revisions\/5868"}],"wp:attachment":[{"href":"https:\/\/www.weyer.aero\/shop\/wp-json\/wp\/v2\/media?parent=18"}],"curies":[{"name":"wp","href":"https:\/\/api.w.org\/{rel}","templated":true}]}}