{"id":4586,"date":"2019-02-13T10:27:00","date_gmt":"2019-02-13T09:27:00","guid":{"rendered":"https:\/\/www.weyer.aero\/shop\/?post_type=product&#038;p=4586"},"modified":"2023-02-14T10:12:53","modified_gmt":"2023-02-14T09:12:53","slug":"spruehlanze-fuer-hotspray","status":"publish","type":"product","link":"https:\/\/www.weyer.aero\/shop\/produkt\/spruehlanze-fuer-hotspray\/","title":{"rendered":"Spr\u00fchlanze f\u00fcr HOTSPRAY"},"content":{"rendered":"<div id='av_section_1'  class='avia-section av-ejto5k-7a3ea24b5d9ca8be7a15893321abc6e5 main_color avia-section-default avia-no-border-styling  avia-builder-el-0  avia-builder-el-no-sibling  avia-bg-style-scroll container_wrap sidebar_right'  ><div class='container av-section-cont-open' ><main  role=\"main\" itemprop=\"mainContentOfPage\"  class='template-page content  av-content-small alpha units'><div class='post-entry post-entry-type-page post-entry-4586'><div class='entry-content-wrapper clearfix'>\n\n<style type=\"text\/css\" data-created_by=\"avia_inline_auto\" id=\"style-css-av-9nj0xn-02cb6375990c46f0ec3cf40f6735e8fd\">\n.flex_column.av-9nj0xn-02cb6375990c46f0ec3cf40f6735e8fd{\nborder-radius:0px 0px 0px 0px;\npadding:0px 0px 0px 0px;\n}\n<\/style>\n<div  class='flex_column av-9nj0xn-02cb6375990c46f0ec3cf40f6735e8fd av_one_full  avia-builder-el-1  el_before_av_one_fourth  avia-builder-el-first  first flex_column_div av-zero-column-padding  '     ><style type=\"text\/css\" data-created_by=\"avia_inline_auto\" id=\"style-css-av-av_heading-b89b09a2420d078a2187d0a7508b041e\">\n#top .av-special-heading.av-av_heading-b89b09a2420d078a2187d0a7508b041e{\npadding-bottom:10px;\n}\nbody .av-special-heading.av-av_heading-b89b09a2420d078a2187d0a7508b041e .av-special-heading-tag .heading-char{\nfont-size:25px;\n}\n.av-special-heading.av-av_heading-b89b09a2420d078a2187d0a7508b041e .av-subheading{\nfont-size:15px;\n}\n<\/style>\n<div  class='av-special-heading av-av_heading-b89b09a2420d078a2187d0a7508b041e av-special-heading-h1 blockquote modern-quote  avia-builder-el-2  avia-builder-el-no-sibling '><h1 class='av-special-heading-tag '  itemprop=\"headline\"  >Spr\u00fchlanze f\u00fcr HOTSPRAY<\/h1><div class=\"special-heading-border\"><div class=\"special-heading-inner-border\"><\/div><\/div><\/div><\/div>\n<style type=\"text\/css\" data-created_by=\"avia_inline_auto\" id=\"style-css-av-80iy60-de923b79246080a9f53f872b2ab53469\">\n#top .flex_column.av-80iy60-de923b79246080a9f53f872b2ab53469{\nmargin-top:30px;\nmargin-bottom:0px;\n}\n.flex_column.av-80iy60-de923b79246080a9f53f872b2ab53469{\nborder-radius:0px 0px 0px 0px;\npadding:0px 0px 0px 0px;\n}\n.responsive #top #wrap_all .flex_column.av-80iy60-de923b79246080a9f53f872b2ab53469{\nmargin-top:30px;\nmargin-bottom:0px;\n}\n<\/style>\n<div  class='flex_column av-80iy60-de923b79246080a9f53f872b2ab53469 av_one_fourth  avia-builder-el-3  el_after_av_one_full  el_before_av_one_half  first flex_column_div av-zero-column-padding  column-top-margin'     ><style type=\"text\/css\" data-created_by=\"avia_inline_auto\" id=\"style-css-av-jnmbehl4-24e4ff6b3b636de1b4d7f276dee91850\">\n#top .avia-gallery.av-jnmbehl4-24e4ff6b3b636de1b4d7f276dee91850 .avia-gallery-thumb a{\nwidth:25%;\n}\n<\/style>\n<div  class='avia-gallery av-jnmbehl4-24e4ff6b3b636de1b4d7f276dee91850 avia_animate_when_visible  avia-builder-el-4  avia-builder-el-no-sibling  avia_lazyload av-slideshow-ui av-loop-manual-endless av-control-hidden av-navigate-arrows av-navigate-dots hover-effect av-control-hidden avia-gallery-animate avia-gallery-1'  itemprop=\"image\" itemscope=\"itemscope\" itemtype=\"https:\/\/schema.org\/ImageObject\" ><meta itemprop=\"contentURL\" content=\"https:\/\/www.weyer.aero\/shop\/produkt\/spruehlanze-fuer-hotspray\/\"><div class='avia-gallery-big-wrapper'><a class='avia-gallery-big fakeLightbox lightbox avia-gallery-big-crop-thumb ' href=\"https:\/\/www.weyer.aero\/shop\/wp-content\/uploads\/2019\/02\/Hotspray-Spr\u00fchlanze.png\" data-srcset=\"https:\/\/www.weyer.aero\/shop\/wp-content\/uploads\/2019\/02\/Hotspray-Spr\u00fchlanze.png 600w, https:\/\/www.weyer.aero\/shop\/wp-content\/uploads\/2019\/02\/Hotspray-Spr\u00fchlanze-80x80.png 80w, https:\/\/www.weyer.aero\/shop\/wp-content\/uploads\/2019\/02\/Hotspray-Spr\u00fchlanze-300x300.png 300w, https:\/\/www.weyer.aero\/shop\/wp-content\/uploads\/2019\/02\/Hotspray-Spr\u00fchlanze-36x36.png 36w, https:\/\/www.weyer.aero\/shop\/wp-content\/uploads\/2019\/02\/Hotspray-Spr\u00fchlanze-180x180.png 180w, https:\/\/www.weyer.aero\/shop\/wp-content\/uploads\/2019\/02\/Hotspray-Spr\u00fchlanze-100x100.png 100w\" data-sizes=\"(max-width: 600px) 100vw, 600px\"  data-onclick='1' title='Hotspray Spr\u00fchlanze' ><span class='avia-gallery-big-inner'  itemprop=\"thumbnailUrl\" ><img decoding=\"async\" fetchpriority=\"high\" class=\"wp-image-4587 avia-img-lazy-loading-not-4587\"  width=\"495\" height=\"400\" src=\"https:\/\/www.weyer.aero\/shop\/wp-content\/uploads\/2019\/02\/Hotspray-Spr\u00fchlanze-495x400.png\" title='Hotspray Spr\u00fchlanze' alt='Hotspray Spr\u00fchlanze' \/><\/span><\/a><\/div><div class='avia-gallery-thumb'><a href=\"https:\/\/www.weyer.aero\/shop\/wp-content\/uploads\/2019\/02\/Hotspray-Spr\u00fchlanze.png\" data-srcset=\"https:\/\/www.weyer.aero\/shop\/wp-content\/uploads\/2019\/02\/Hotspray-Spr\u00fchlanze.png 600w, https:\/\/www.weyer.aero\/shop\/wp-content\/uploads\/2019\/02\/Hotspray-Spr\u00fchlanze-80x80.png 80w, https:\/\/www.weyer.aero\/shop\/wp-content\/uploads\/2019\/02\/Hotspray-Spr\u00fchlanze-300x300.png 300w, https:\/\/www.weyer.aero\/shop\/wp-content\/uploads\/2019\/02\/Hotspray-Spr\u00fchlanze-36x36.png 36w, https:\/\/www.weyer.aero\/shop\/wp-content\/uploads\/2019\/02\/Hotspray-Spr\u00fchlanze-180x180.png 180w, https:\/\/www.weyer.aero\/shop\/wp-content\/uploads\/2019\/02\/Hotspray-Spr\u00fchlanze-100x100.png 100w\" data-sizes=\"(max-width: 600px) 100vw, 600px\" data-rel='gallery-1' data-prev-img='https:\/\/www.weyer.aero\/shop\/wp-content\/uploads\/2019\/02\/Hotspray-Spr\u00fchlanze-495x400.png' class='first_thumb lightbox ' data-onclick='1' title='Hotspray Spr\u00fchlanze'  itemprop=\"thumbnailUrl\"  ><img decoding=\"async\" fetchpriority=\"high\" class=\"wp-image-4587 avia-img-lazy-loading-not-4587\"   src=\"https:\/\/www.weyer.aero\/shop\/wp-content\/uploads\/2019\/02\/Hotspray-Spr\u00fchlanze-495x400.png\" width=\"495\" height=\"400\"  title='Hotspray Spr\u00fchlanze' alt='Hotspray Spr\u00fchlanze' \/><div class='big-prev-fake'><img decoding=\"async\" loading=\"lazy\" class=\"wp-image-4587 avia-img-lazy-loading-4587\"  width=\"495\" height=\"400\" src=\"https:\/\/www.weyer.aero\/shop\/wp-content\/uploads\/2019\/02\/Hotspray-Spr\u00fchlanze-495x400.png\" title='Hotspray Spr\u00fchlanze' alt='Hotspray Spr\u00fchlanze' \/><\/div><\/a><\/div><\/div><\/div>\n<style type=\"text\/css\" data-created_by=\"avia_inline_auto\" id=\"style-css-av-64065k-759520dc34364b861a561af14d407bf3\">\n#top .flex_column.av-64065k-759520dc34364b861a561af14d407bf3{\nmargin-top:30px;\nmargin-bottom:0px;\n}\n.flex_column.av-64065k-759520dc34364b861a561af14d407bf3{\nborder-radius:0px 0px 0px 0px;\npadding:0px 0px 0px 0px;\n}\n.responsive #top #wrap_all .flex_column.av-64065k-759520dc34364b861a561af14d407bf3{\nmargin-top:30px;\nmargin-bottom:0px;\n}\n<\/style>\n<div  class='flex_column av-64065k-759520dc34364b861a561af14d407bf3 av_one_half  avia-builder-el-5  el_after_av_one_fourth  el_before_av_one_fourth  flex_column_div av-zero-column-padding  column-top-margin'     ><p><section  class='av_textblock_section av-jnmbbzl6-1d49d1f7b42b54736372273c182e3ce2 '   itemscope=\"itemscope\" itemtype=\"https:\/\/schema.org\/CreativeWork\" ><div class='avia_textblock'  itemprop=\"text\" ><p>Aus hochwertigem Kunststoff gefertigt, daher bessere W\u00e4rmeisolierung.<br \/>\nL\u00e4nge Spritzrohr: 48cm<br \/>\nPassend f\u00fcr HOTSPRAY6 und HOTSPRAY10<\/p>\n<\/div><\/section><br \/>\n<div class='av-woo-product-info av-20aqoo-da3997be7fe4376a73aab45d5f4e6e1b  avia-builder-el-7  el_after_av_textblock  avia-builder-el-last '><\/div><\/p><\/div>\n<style type=\"text\/css\" data-created_by=\"avia_inline_auto\" id=\"style-css-av-4dxawo-ef3f4a8d7e2f71ac19059585823ed9eb\">\n#top .flex_column.av-4dxawo-ef3f4a8d7e2f71ac19059585823ed9eb{\nmargin-top:30px;\nmargin-bottom:0px;\n}\n.flex_column.av-4dxawo-ef3f4a8d7e2f71ac19059585823ed9eb{\nborder-width:1px;\nborder-color:#444444;\nborder-style:solid;\nborder-radius:0px 0px 0px 0px;\npadding:15px 15px 15px 15px;\nbackground-color:#ebebeb;\n}\n.responsive #top #wrap_all .flex_column.av-4dxawo-ef3f4a8d7e2f71ac19059585823ed9eb{\nmargin-top:30px;\nmargin-bottom:0px;\n}\n<\/style>\n<div  class='flex_column av-4dxawo-ef3f4a8d7e2f71ac19059585823ed9eb av_one_fourth  avia-builder-el-8  el_after_av_one_half  el_before_av_one_half  flex_column_div  column-top-margin'     ><div class=\"av-woo-purchase-button av-woo-gzd-purchase-button av-c8l22g-8bc5865447e46b0e715ad14b28f97d5b  avia-builder-el-9  avia-builder-el-no-sibling \">\t\t<p class=\"price\"><span class=\"woocommerce-Price-amount amount\"><bdi>22,00&nbsp;<span class=\"woocommerce-Price-currencySymbol\">&euro;<\/span><\/bdi><\/span> <small class=\"woocommerce-price-suffix\"> <small class=\"woocommerce-price-suffix\">zzgl. MwSt. und Versand<\/small><\/small><span class=\"awspn_price_note\" >&nbsp;\/&nbsp;St\u00fcck<\/span><\/p>\n\t\t\n\t<p class=\"wc-gzd-additional-info product-units-wrapper product-units\"><\/p>\n\n\n\n\n<div class=\"legal-price-info\">\n\t<p class=\"wc-gzd-additional-info\">\n\t\t\t\t\t\t\t<span class=\"wc-gzd-additional-info shipping-costs-info\">und <a href=\"https:\/\/www.weyer.aero\/shop\/versandarten\/\" target=\"_blank\">Versandkosten<\/a><\/span>\n\t\t\t<\/p>\n<\/div>\n\n\n\n\n\t<p class=\"wc-gzd-additional-info delivery-time-info\"><span class=\"delivery-time-inner delivery-time-innerhalb-von-5-werktagen\">zzgl. MwSt. und Versand<\/span><\/p>\n\t\t<span class=\"product_meta\"><\/span>\n\n\t\t\n\t\n\t<form class=\"cart\" action=\"https:\/\/www.weyer.aero\/shop\/produkt\/spruehlanze-fuer-hotspray\/\" method=\"post\" enctype='multipart\/form-data'>\n\t\t\n\t\t<div class=\"quantity\">\n\t\t<label class=\"screen-reader-text\" for=\"quantity_69e11ffa038e1\">Spr\u00fchlanze f\u00fcr HOTSPRAY Menge<\/label>\n\t<input\n\t\ttype=\"number\"\n\t\t\t\tid=\"quantity_69e11ffa038e1\"\n\t\tclass=\"input-text qty text\"\n\t\tname=\"quantity\"\n\t\tvalue=\"1\"\n\t\taria-label=\"Produktmenge\"\n\t\t\t\tmin=\"1\"\n\t\t\t\t\t\t\tstep=\"1\"\n\t\t\tplaceholder=\"\"\n\t\t\tinputmode=\"numeric\"\n\t\t\tautocomplete=\"off\"\n\t\t\t\/>\n\t<\/div>\n\n\t\t<button type=\"submit\" name=\"add-to-cart\" value=\"4586\" class=\"single_add_to_cart_button button alt\">In den Warenkorb<\/button>\n\n\t\t\t<\/form>\n\n\t\n\t\t<\/div><\/div>\n<style type=\"text\/css\" data-created_by=\"avia_inline_auto\" id=\"style-css-av-4u5d54-a36a08cff53e51cfe70330bf474e2612\">\n.flex_column.av-4u5d54-a36a08cff53e51cfe70330bf474e2612{\nborder-width:1px;\nborder-color:#444444;\nborder-style:solid;\nborder-radius:0px 0px 0px 0px;\npadding:15px 15px 15px 15px;\n}\n<\/style>\n<div  class='flex_column av-4u5d54-a36a08cff53e51cfe70330bf474e2612 av_one_half  avia-builder-el-10  el_after_av_one_fourth  el_before_av_one_half  first flex_column_div  column-top-margin'     ><p>\n<style type=\"text\/css\" data-created_by=\"avia_inline_auto\" id=\"style-css-av-av_heading-991bb9d750d1289d35f6e019dc530dd8\">\n#top .av-special-heading.av-av_heading-991bb9d750d1289d35f6e019dc530dd8{\npadding-bottom:10px;\n}\nbody .av-special-heading.av-av_heading-991bb9d750d1289d35f6e019dc530dd8 .av-special-heading-tag .heading-char{\nfont-size:25px;\n}\n.av-special-heading.av-av_heading-991bb9d750d1289d35f6e019dc530dd8 .av-subheading{\nfont-size:15px;\n}\n<\/style>\n<div  class='av-special-heading av-av_heading-991bb9d750d1289d35f6e019dc530dd8 av-special-heading-h3 blockquote modern-quote  avia-builder-el-11  el_before_av_textblock  avia-builder-el-first '><h3 class='av-special-heading-tag '  itemprop=\"headline\"  >Die Vorteile auf einen Blick:<\/h3><div class=\"special-heading-border\"><div class=\"special-heading-inner-border\"><\/div><\/div><\/div><br \/>\n<section  class='av_textblock_section av-jnmduzaj-eec1e9fd90179c49f09b9ee2ed5f12c3 '   itemscope=\"itemscope\" itemtype=\"https:\/\/schema.org\/CreativeWork\" ><div class='avia_textblock'  itemprop=\"text\" ><ul>\n<li>Passend f\u00fcr das HOTSPRAY6 und HOTSPRAY10.<\/li>\n<li>aus hochwertigem Kunststoff gefertigt, f\u00fcr bessere W\u00e4rmeisolierung<\/li>\n<li>am Spr\u00fchkopf gebogen, f\u00fcr einfachere Aufbringung der Fl\u00fcssigkeiten<\/li>\n<\/ul>\n<\/div><\/section><\/p><\/div>\n<style type=\"text\/css\" data-created_by=\"avia_inline_auto\" id=\"style-css-av-86wi20-4c1fc1ae34cd1288ba431db8ee7eeb97\">\n.flex_column.av-86wi20-4c1fc1ae34cd1288ba431db8ee7eeb97{\nborder-radius:0px 0px 0px 0px;\npadding:15px 15px 15px 15px;\n}\n<\/style>\n<div  class='flex_column av-86wi20-4c1fc1ae34cd1288ba431db8ee7eeb97 av_one_half  avia-builder-el-13  el_after_av_one_half  avia-builder-el-last  flex_column_div  column-top-margin'     ><\/div><\/div><\/div><\/main><!-- close content main element --><\/div><\/div><div id='after_section_1'  class='main_color av_default_container_wrap container_wrap sidebar_right'  ><div class='container av-section-cont-open' ><div class='template-page content  av-content-small alpha units'><div class='post-entry post-entry-type-page post-entry-4586'><div class='entry-content-wrapper clearfix'>\n","protected":false},"excerpt":{"rendered":"<ul>\n<li>Passend f\u00fcr das HOTSPRAY6 und HOTSPRAY10.<\/li>\n<li>aus hochwertigem Kunststoff gefertigt, f\u00fcr bessere W\u00e4rmeisolierung<\/li>\n<li>am Spr\u00fchkopf gebogen, f\u00fcr einfachere Aufbringung der Fl\u00fcssigkeiten<\/li>\n<\/ul>\n","protected":false},"featured_media":4587,"template":"","meta":[],"product_brand":[],"product_cat":[121],"product_tag":[],"class_list":{"0":"post-4586","1":"product","2":"type-product","3":"status-publish","4":"has-post-thumbnail","6":"product_cat-hotspray-zubehoer","8":"first","9":"instock","10":"taxable","11":"shipping-taxable","12":"purchasable","13":"product-type-simple"},"yoast_head":"<!-- This site is optimized with the Yoast SEO plugin v27.3 - https:\/\/yoast.com\/product\/yoast-seo-wordpress\/ -->\n<title>Spr\u00fchlanze f\u00fcr HOTSPRAY - Weyer Shop<\/title>\n<meta name=\"robots\" content=\"index, follow, max-snippet:-1, max-image-preview:large, max-video-preview:-1\" \/>\n<link rel=\"canonical\" href=\"https:\/\/www.weyer.aero\/shop\/produkt\/spruehlanze-fuer-hotspray\/\" \/>\n<meta property=\"og:locale\" content=\"de_DE\" \/>\n<meta property=\"og:type\" content=\"article\" \/>\n<meta property=\"og:title\" content=\"Spr\u00fchlanze f\u00fcr HOTSPRAY - Weyer Shop\" \/>\n<meta property=\"og:description\" content=\"Passend f\u00fcr das HOTSPRAY6 und HOTSPRAY10.  aus hochwertigem Kunststoff gefertigt, f\u00fcr bessere W\u00e4rmeisolierung  am Spr\u00fchkopf gebogen, f\u00fcr einfachere Aufbringung der Fl\u00fcssigkeiten\" \/>\n<meta property=\"og:url\" content=\"https:\/\/www.weyer.aero\/shop\/produkt\/spruehlanze-fuer-hotspray\/\" \/>\n<meta property=\"og:site_name\" content=\"Weyer Shop\" \/>\n<meta property=\"article:modified_time\" content=\"2023-02-14T09:12:53+00:00\" \/>\n<meta property=\"og:image\" content=\"https:\/\/www.weyer.aero\/shop\/wp-content\/uploads\/2019\/02\/Hotspray-Spr\u00fchlanze.png\" \/>\n\t<meta property=\"og:image:width\" content=\"600\" \/>\n\t<meta property=\"og:image:height\" content=\"600\" \/>\n\t<meta property=\"og:image:type\" content=\"image\/png\" \/>\n<meta name=\"twitter:card\" content=\"summary_large_image\" \/>\n<meta name=\"twitter:label1\" content=\"Gesch\u00e4tzte Lesezeit\" \/>\n\t<meta name=\"twitter:data1\" content=\"3\u00a0Minuten\" \/>\n<script type=\"application\/ld+json\" class=\"yoast-schema-graph\">{\"@context\":\"https:\\\/\\\/schema.org\",\"@graph\":[{\"@type\":\"WebPage\",\"@id\":\"https:\\\/\\\/www.weyer.aero\\\/shop\\\/produkt\\\/spruehlanze-fuer-hotspray\\\/\",\"url\":\"https:\\\/\\\/www.weyer.aero\\\/shop\\\/produkt\\\/spruehlanze-fuer-hotspray\\\/\",\"name\":\"Spr\u00fchlanze f\u00fcr HOTSPRAY - Weyer Shop\",\"isPartOf\":{\"@id\":\"https:\\\/\\\/www.weyer.aero\\\/shop\\\/#website\"},\"primaryImageOfPage\":{\"@id\":\"https:\\\/\\\/www.weyer.aero\\\/shop\\\/produkt\\\/spruehlanze-fuer-hotspray\\\/#primaryimage\"},\"image\":{\"@id\":\"https:\\\/\\\/www.weyer.aero\\\/shop\\\/produkt\\\/spruehlanze-fuer-hotspray\\\/#primaryimage\"},\"thumbnailUrl\":\"https:\\\/\\\/www.weyer.aero\\\/shop\\\/wp-content\\\/uploads\\\/2019\\\/02\\\/Hotspray-Spr\u00fchlanze.png\",\"datePublished\":\"2019-02-13T09:27:00+00:00\",\"dateModified\":\"2023-02-14T09:12:53+00:00\",\"breadcrumb\":{\"@id\":\"https:\\\/\\\/www.weyer.aero\\\/shop\\\/produkt\\\/spruehlanze-fuer-hotspray\\\/#breadcrumb\"},\"inLanguage\":\"de\",\"potentialAction\":[{\"@type\":\"ReadAction\",\"target\":[\"https:\\\/\\\/www.weyer.aero\\\/shop\\\/produkt\\\/spruehlanze-fuer-hotspray\\\/\"]}]},{\"@type\":\"ImageObject\",\"inLanguage\":\"de\",\"@id\":\"https:\\\/\\\/www.weyer.aero\\\/shop\\\/produkt\\\/spruehlanze-fuer-hotspray\\\/#primaryimage\",\"url\":\"https:\\\/\\\/www.weyer.aero\\\/shop\\\/wp-content\\\/uploads\\\/2019\\\/02\\\/Hotspray-Spr\u00fchlanze.png\",\"contentUrl\":\"https:\\\/\\\/www.weyer.aero\\\/shop\\\/wp-content\\\/uploads\\\/2019\\\/02\\\/Hotspray-Spr\u00fchlanze.png\",\"width\":600,\"height\":600,\"caption\":\"Hotspray Spr\u00fchlanze\"},{\"@type\":\"BreadcrumbList\",\"@id\":\"https:\\\/\\\/www.weyer.aero\\\/shop\\\/produkt\\\/spruehlanze-fuer-hotspray\\\/#breadcrumb\",\"itemListElement\":[{\"@type\":\"ListItem\",\"position\":1,\"name\":\"Startseite\",\"item\":\"https:\\\/\\\/www.weyer.aero\\\/shop\\\/online-shop-flughafenausstattung-und-pilotenbedarf\\\/\"},{\"@type\":\"ListItem\",\"position\":2,\"name\":\"shop-produkte\",\"item\":\"https:\\\/\\\/www.weyer.aero\\\/shop\\\/shop-produkte\\\/\"},{\"@type\":\"ListItem\",\"position\":3,\"name\":\"Spr\u00fchlanze f\u00fcr HOTSPRAY\"}]},{\"@type\":\"WebSite\",\"@id\":\"https:\\\/\\\/www.weyer.aero\\\/shop\\\/#website\",\"url\":\"https:\\\/\\\/www.weyer.aero\\\/shop\\\/\",\"name\":\"Weyer Shop\",\"description\":\"\",\"potentialAction\":[{\"@type\":\"SearchAction\",\"target\":{\"@type\":\"EntryPoint\",\"urlTemplate\":\"https:\\\/\\\/www.weyer.aero\\\/shop\\\/?s={search_term_string}\"},\"query-input\":{\"@type\":\"PropertyValueSpecification\",\"valueRequired\":true,\"valueName\":\"search_term_string\"}}],\"inLanguage\":\"de\"}]}<\/script>\n<!-- \/ Yoast SEO plugin. -->","yoast_head_json":{"title":"Spr\u00fchlanze f\u00fcr HOTSPRAY - Weyer Shop","robots":{"index":"index","follow":"follow","max-snippet":"max-snippet:-1","max-image-preview":"max-image-preview:large","max-video-preview":"max-video-preview:-1"},"canonical":"https:\/\/www.weyer.aero\/shop\/produkt\/spruehlanze-fuer-hotspray\/","og_locale":"de_DE","og_type":"article","og_title":"Spr\u00fchlanze f\u00fcr HOTSPRAY - Weyer Shop","og_description":"Passend f\u00fcr das HOTSPRAY6 und HOTSPRAY10.  aus hochwertigem Kunststoff gefertigt, f\u00fcr bessere W\u00e4rmeisolierung  am Spr\u00fchkopf gebogen, f\u00fcr einfachere Aufbringung der Fl\u00fcssigkeiten","og_url":"https:\/\/www.weyer.aero\/shop\/produkt\/spruehlanze-fuer-hotspray\/","og_site_name":"Weyer Shop","article_modified_time":"2023-02-14T09:12:53+00:00","og_image":[{"width":600,"height":600,"url":"https:\/\/www.weyer.aero\/shop\/wp-content\/uploads\/2019\/02\/Hotspray-Spr\u00fchlanze.png","type":"image\/png"}],"twitter_card":"summary_large_image","twitter_misc":{"Gesch\u00e4tzte Lesezeit":"3\u00a0Minuten"},"schema":{"@context":"https:\/\/schema.org","@graph":[{"@type":"WebPage","@id":"https:\/\/www.weyer.aero\/shop\/produkt\/spruehlanze-fuer-hotspray\/","url":"https:\/\/www.weyer.aero\/shop\/produkt\/spruehlanze-fuer-hotspray\/","name":"Spr\u00fchlanze f\u00fcr HOTSPRAY - Weyer Shop","isPartOf":{"@id":"https:\/\/www.weyer.aero\/shop\/#website"},"primaryImageOfPage":{"@id":"https:\/\/www.weyer.aero\/shop\/produkt\/spruehlanze-fuer-hotspray\/#primaryimage"},"image":{"@id":"https:\/\/www.weyer.aero\/shop\/produkt\/spruehlanze-fuer-hotspray\/#primaryimage"},"thumbnailUrl":"https:\/\/www.weyer.aero\/shop\/wp-content\/uploads\/2019\/02\/Hotspray-Spr\u00fchlanze.png","datePublished":"2019-02-13T09:27:00+00:00","dateModified":"2023-02-14T09:12:53+00:00","breadcrumb":{"@id":"https:\/\/www.weyer.aero\/shop\/produkt\/spruehlanze-fuer-hotspray\/#breadcrumb"},"inLanguage":"de","potentialAction":[{"@type":"ReadAction","target":["https:\/\/www.weyer.aero\/shop\/produkt\/spruehlanze-fuer-hotspray\/"]}]},{"@type":"ImageObject","inLanguage":"de","@id":"https:\/\/www.weyer.aero\/shop\/produkt\/spruehlanze-fuer-hotspray\/#primaryimage","url":"https:\/\/www.weyer.aero\/shop\/wp-content\/uploads\/2019\/02\/Hotspray-Spr\u00fchlanze.png","contentUrl":"https:\/\/www.weyer.aero\/shop\/wp-content\/uploads\/2019\/02\/Hotspray-Spr\u00fchlanze.png","width":600,"height":600,"caption":"Hotspray Spr\u00fchlanze"},{"@type":"BreadcrumbList","@id":"https:\/\/www.weyer.aero\/shop\/produkt\/spruehlanze-fuer-hotspray\/#breadcrumb","itemListElement":[{"@type":"ListItem","position":1,"name":"Startseite","item":"https:\/\/www.weyer.aero\/shop\/online-shop-flughafenausstattung-und-pilotenbedarf\/"},{"@type":"ListItem","position":2,"name":"shop-produkte","item":"https:\/\/www.weyer.aero\/shop\/shop-produkte\/"},{"@type":"ListItem","position":3,"name":"Spr\u00fchlanze f\u00fcr HOTSPRAY"}]},{"@type":"WebSite","@id":"https:\/\/www.weyer.aero\/shop\/#website","url":"https:\/\/www.weyer.aero\/shop\/","name":"Weyer Shop","description":"","potentialAction":[{"@type":"SearchAction","target":{"@type":"EntryPoint","urlTemplate":"https:\/\/www.weyer.aero\/shop\/?s={search_term_string}"},"query-input":{"@type":"PropertyValueSpecification","valueRequired":true,"valueName":"search_term_string"}}],"inLanguage":"de"}]}},"_links":{"self":[{"href":"https:\/\/www.weyer.aero\/shop\/wp-json\/wp\/v2\/product\/4586","targetHints":{"allow":["GET"]}}],"collection":[{"href":"https:\/\/www.weyer.aero\/shop\/wp-json\/wp\/v2\/product"}],"about":[{"href":"https:\/\/www.weyer.aero\/shop\/wp-json\/wp\/v2\/types\/product"}],"wp:featuredmedia":[{"embeddable":true,"href":"https:\/\/www.weyer.aero\/shop\/wp-json\/wp\/v2\/media\/4587"}],"wp:attachment":[{"href":"https:\/\/www.weyer.aero\/shop\/wp-json\/wp\/v2\/media?parent=4586"}],"wp:term":[{"taxonomy":"product_brand","embeddable":true,"href":"https:\/\/www.weyer.aero\/shop\/wp-json\/wp\/v2\/product_brand?post=4586"},{"taxonomy":"product_cat","embeddable":true,"href":"https:\/\/www.weyer.aero\/shop\/wp-json\/wp\/v2\/product_cat?post=4586"},{"taxonomy":"product_tag","embeddable":true,"href":"https:\/\/www.weyer.aero\/shop\/wp-json\/wp\/v2\/product_tag?post=4586"}],"curies":[{"name":"wp","href":"https:\/\/api.w.org\/{rel}","templated":true}]}}