{"id":5762,"date":"2022-08-08T09:24:44","date_gmt":"2022-08-08T07:24:44","guid":{"rendered":"https:\/\/www.weyer.aero\/shop\/?post_type=product&#038;p=5762"},"modified":"2025-10-31T08:42:59","modified_gmt":"2025-10-31T07:42:59","slug":"zugentlastung","status":"publish","type":"product","link":"https:\/\/www.weyer.aero\/shop\/produkt\/zugentlastung\/","title":{"rendered":"Kabel-Zugentlastung"},"content":{"rendered":"<div id='av_section_1'  class='avia-section av-ejto5k-7a3ea24b5d9ca8be7a15893321abc6e5 main_color avia-section-default avia-no-border-styling  avia-builder-el-0  avia-builder-el-no-sibling  avia-bg-style-scroll container_wrap sidebar_right'  ><div class='container av-section-cont-open' ><main  role=\"main\" itemprop=\"mainContentOfPage\"  class='template-page content  av-content-small alpha units'><div class='post-entry post-entry-type-page post-entry-5762'><div class='entry-content-wrapper clearfix'>\n\n<style type=\"text\/css\" data-created_by=\"avia_inline_auto\" id=\"style-css-av-8uozc8-1f7b779987b268afca06902c1899f963\">\n.flex_column.av-8uozc8-1f7b779987b268afca06902c1899f963{\nborder-radius:0px 0px 0px 0px;\npadding:0px 0px 0px 0px;\n}\n<\/style>\n<div  class='flex_column av-8uozc8-1f7b779987b268afca06902c1899f963 av_one_full  avia-builder-el-1  el_before_av_one_fourth  avia-builder-el-first  first flex_column_div av-zero-column-padding  '     ><style type=\"text\/css\" data-created_by=\"avia_inline_auto\" id=\"style-css-av-mzmbc-409004a4e96f82b04c2f7204072d979c\">\n#top .av-special-heading.av-mzmbc-409004a4e96f82b04c2f7204072d979c{\npadding-bottom:10px;\n}\nbody .av-special-heading.av-mzmbc-409004a4e96f82b04c2f7204072d979c .av-special-heading-tag .heading-char{\nfont-size:25px;\n}\n.av-special-heading.av-mzmbc-409004a4e96f82b04c2f7204072d979c .av-subheading{\nfont-size:15px;\n}\n<\/style>\n<div  class='av-special-heading av-mzmbc-409004a4e96f82b04c2f7204072d979c av-special-heading-h1 blockquote modern-quote  avia-builder-el-2  avia-builder-el-no-sibling  av-linked-heading'><h1 class='av-special-heading-tag '  itemprop=\"headline\"  >Kabel-Zugentlastung<\/h1><div class=\"special-heading-border\"><div class=\"special-heading-inner-border\"><\/div><\/div><\/div><\/div>\n<style type=\"text\/css\" data-created_by=\"avia_inline_auto\" id=\"style-css-av-80iy60-de923b79246080a9f53f872b2ab53469\">\n#top .flex_column.av-80iy60-de923b79246080a9f53f872b2ab53469{\nmargin-top:30px;\nmargin-bottom:0px;\n}\n.flex_column.av-80iy60-de923b79246080a9f53f872b2ab53469{\nborder-radius:0px 0px 0px 0px;\npadding:0px 0px 0px 0px;\n}\n.responsive #top #wrap_all .flex_column.av-80iy60-de923b79246080a9f53f872b2ab53469{\nmargin-top:30px;\nmargin-bottom:0px;\n}\n<\/style>\n<div  class='flex_column av-80iy60-de923b79246080a9f53f872b2ab53469 av_one_fourth  avia-builder-el-3  el_after_av_one_full  el_before_av_one_half  first flex_column_div av-zero-column-padding  column-top-margin'     ><style type=\"text\/css\" data-created_by=\"avia_inline_auto\" id=\"style-css-av-jnmbehl4-472ce5ca36fdfd6adb9086359edfafa4\">\n#top .avia-gallery.av-jnmbehl4-472ce5ca36fdfd6adb9086359edfafa4 .avia-gallery-thumb a{\nwidth:25%;\n}\n<\/style>\n<div  class='avia-gallery av-jnmbehl4-472ce5ca36fdfd6adb9086359edfafa4 avia_animate_when_visible  avia-builder-el-4  avia-builder-el-no-sibling  avia_lazyload av-slideshow-ui av-loop-manual-endless av-control-hidden av-navigate-arrows hover-effect av-control-hidden avia-gallery-animate avia-gallery-1'  itemprop=\"image\" itemscope=\"itemscope\" itemtype=\"https:\/\/schema.org\/ImageObject\" ><meta itemprop=\"contentURL\" content=\"https:\/\/www.weyer.aero\/shop\/produkt\/zugentlastung\/\"><div class='avia-gallery-big-wrapper'><a class='avia-gallery-big fakeLightbox lightbox avia-gallery-big-crop-thumb ' href=\"https:\/\/www.weyer.aero\/shop\/wp-content\/uploads\/2022\/08\/Zugentlastung-OnlineShop-Slideshow-2.png\" data-srcset=\"https:\/\/www.weyer.aero\/shop\/wp-content\/uploads\/2022\/08\/Zugentlastung-OnlineShop-Slideshow-2.png 600w, https:\/\/www.weyer.aero\/shop\/wp-content\/uploads\/2022\/08\/Zugentlastung-OnlineShop-Slideshow-2-300x225.png 300w\" data-sizes=\"(max-width: 600px) 100vw, 600px\"  data-onclick='1' title='Zugentlastung OnlineShop Slideshow 2' ><span class='avia-gallery-big-inner'  itemprop=\"thumbnailUrl\" ><img decoding=\"async\" fetchpriority=\"high\" class=\"wp-image-5758 avia-img-lazy-loading-not-5758\"  width=\"495\" height=\"400\" src=\"https:\/\/www.weyer.aero\/shop\/wp-content\/uploads\/2022\/08\/Zugentlastung-OnlineShop-Slideshow-2-495x400.png\" title='Zugentlastung OnlineShop Slideshow 2' alt='Kabelentlastung' \/><\/span><\/a><\/div><div class='avia-gallery-thumb'><a href=\"https:\/\/www.weyer.aero\/shop\/wp-content\/uploads\/2022\/08\/Zugentlastung-OnlineShop-Slideshow-2.png\" data-srcset=\"https:\/\/www.weyer.aero\/shop\/wp-content\/uploads\/2022\/08\/Zugentlastung-OnlineShop-Slideshow-2.png 600w, https:\/\/www.weyer.aero\/shop\/wp-content\/uploads\/2022\/08\/Zugentlastung-OnlineShop-Slideshow-2-300x225.png 300w\" data-sizes=\"(max-width: 600px) 100vw, 600px\" data-rel='gallery-1' data-prev-img='https:\/\/www.weyer.aero\/shop\/wp-content\/uploads\/2022\/08\/Zugentlastung-OnlineShop-Slideshow-2-495x400.png' class='first_thumb lightbox ' data-onclick='1' title='Zugentlastung OnlineShop Slideshow 2'  itemprop=\"thumbnailUrl\"  ><img decoding=\"async\" fetchpriority=\"high\" class=\"wp-image-5758 avia-img-lazy-loading-not-5758\"   src=\"https:\/\/www.weyer.aero\/shop\/wp-content\/uploads\/2022\/08\/Zugentlastung-OnlineShop-Slideshow-2-495x400.png\" width=\"495\" height=\"400\"  title='Zugentlastung OnlineShop Slideshow 2' alt='Kabelentlastung' \/><div class='big-prev-fake'><img decoding=\"async\" loading=\"lazy\" class=\"wp-image-5758 avia-img-lazy-loading-5758\"  width=\"495\" height=\"400\" src=\"https:\/\/www.weyer.aero\/shop\/wp-content\/uploads\/2022\/08\/Zugentlastung-OnlineShop-Slideshow-2-495x400.png\" title='Zugentlastung OnlineShop Slideshow 2' alt='Kabelentlastung' \/><\/div><\/a><a href=\"https:\/\/www.weyer.aero\/shop\/wp-content\/uploads\/2025\/10\/Zugentlastung-2025-Shop.png\" data-srcset=\"https:\/\/www.weyer.aero\/shop\/wp-content\/uploads\/2025\/10\/Zugentlastung-2025-Shop.png 600w, https:\/\/www.weyer.aero\/shop\/wp-content\/uploads\/2025\/10\/Zugentlastung-2025-Shop-300x300.png 300w, https:\/\/www.weyer.aero\/shop\/wp-content\/uploads\/2025\/10\/Zugentlastung-2025-Shop-80x80.png 80w, https:\/\/www.weyer.aero\/shop\/wp-content\/uploads\/2025\/10\/Zugentlastung-2025-Shop-36x36.png 36w, https:\/\/www.weyer.aero\/shop\/wp-content\/uploads\/2025\/10\/Zugentlastung-2025-Shop-180x180.png 180w, https:\/\/www.weyer.aero\/shop\/wp-content\/uploads\/2025\/10\/Zugentlastung-2025-Shop-120x120.png 120w, https:\/\/www.weyer.aero\/shop\/wp-content\/uploads\/2025\/10\/Zugentlastung-2025-Shop-450x450.png 450w, https:\/\/www.weyer.aero\/shop\/wp-content\/uploads\/2025\/10\/Zugentlastung-2025-Shop-100x100.png 100w\" data-sizes=\"(max-width: 600px) 100vw, 600px\" data-rel='gallery-1' data-prev-img='https:\/\/www.weyer.aero\/shop\/wp-content\/uploads\/2025\/10\/Zugentlastung-2025-Shop-495x400.png' class='lightbox ' data-onclick='2' title='Zugentlastung 2025 Shop'  itemprop=\"thumbnailUrl\"  ><img decoding=\"async\" fetchpriority=\"high\" class=\"wp-image-6066 avia-img-lazy-loading-not-6066\"   src=\"https:\/\/www.weyer.aero\/shop\/wp-content\/uploads\/2025\/10\/Zugentlastung-2025-Shop-495x400.png\" width=\"495\" height=\"400\"  title='Zugentlastung 2025 Shop' alt='' \/><div class='big-prev-fake'><img decoding=\"async\" loading=\"lazy\" class=\"wp-image-6066 avia-img-lazy-loading-6066\"  width=\"495\" height=\"400\" src=\"https:\/\/www.weyer.aero\/shop\/wp-content\/uploads\/2025\/10\/Zugentlastung-2025-Shop-495x400.png\" title='Zugentlastung 2025 Shop' alt='' \/><\/div><\/a><a href=\"https:\/\/www.weyer.aero\/shop\/wp-content\/uploads\/2022\/08\/Zugentlastung-OnlineShop-Slideshow-3.png\" data-srcset=\"https:\/\/www.weyer.aero\/shop\/wp-content\/uploads\/2022\/08\/Zugentlastung-OnlineShop-Slideshow-3.png 600w, https:\/\/www.weyer.aero\/shop\/wp-content\/uploads\/2022\/08\/Zugentlastung-OnlineShop-Slideshow-3-300x225.png 300w\" data-sizes=\"(max-width: 600px) 100vw, 600px\" data-rel='gallery-1' data-prev-img='https:\/\/www.weyer.aero\/shop\/wp-content\/uploads\/2022\/08\/Zugentlastung-OnlineShop-Slideshow-3-495x400.png' class='lightbox ' data-onclick='3' title='Zugentlastung OnlineShop Slideshow 3'  itemprop=\"thumbnailUrl\"  ><img decoding=\"async\" fetchpriority=\"high\" class=\"wp-image-5759 avia-img-lazy-loading-not-5759\"   src=\"https:\/\/www.weyer.aero\/shop\/wp-content\/uploads\/2022\/08\/Zugentlastung-OnlineShop-Slideshow-3-495x400.png\" width=\"495\" height=\"400\"  title='Zugentlastung OnlineShop Slideshow 3' alt='Kabel-Zugentlastung' \/><div class='big-prev-fake'><img decoding=\"async\" loading=\"lazy\" class=\"wp-image-5759 avia-img-lazy-loading-5759\"  width=\"495\" height=\"400\" src=\"https:\/\/www.weyer.aero\/shop\/wp-content\/uploads\/2022\/08\/Zugentlastung-OnlineShop-Slideshow-3-495x400.png\" title='Zugentlastung OnlineShop Slideshow 3' alt='Kabel-Zugentlastung' \/><\/div><\/a><\/div><\/div><\/div>\n<style type=\"text\/css\" data-created_by=\"avia_inline_auto\" id=\"style-css-av-64065k-759520dc34364b861a561af14d407bf3\">\n#top .flex_column.av-64065k-759520dc34364b861a561af14d407bf3{\nmargin-top:30px;\nmargin-bottom:0px;\n}\n.flex_column.av-64065k-759520dc34364b861a561af14d407bf3{\nborder-radius:0px 0px 0px 0px;\npadding:0px 0px 0px 0px;\n}\n.responsive #top #wrap_all .flex_column.av-64065k-759520dc34364b861a561af14d407bf3{\nmargin-top:30px;\nmargin-bottom:0px;\n}\n<\/style>\n<div  class='flex_column av-64065k-759520dc34364b861a561af14d407bf3 av_one_half  avia-builder-el-5  el_after_av_one_fourth  el_before_av_one_fourth  flex_column_div av-zero-column-padding  column-top-margin'     ><section  class='av_textblock_section av-jnmbbzl6-3717d76bac10e2335473b8b802009e52 '   itemscope=\"itemscope\" itemtype=\"https:\/\/schema.org\/CreativeWork\" ><div class='avia_textblock'  itemprop=\"text\" ><p><em><strong>Zugentlastung f\u00fcr Flugzeugkabel<\/strong><\/em><\/p>\n<p>GPU-Stecker werden in die Flugzeug-Buchse gesteckt \u2013 h\u00e4ufig h\u00e4ngen sie aber senkrecht. Das erhebliche Kabelgewicht kann dazu f\u00fchren, dass der Flugzeugstecker aus dem Flugzeug gezogen wird.<br \/>\nZur Sicherung des Steckers wird ein Entlastungshaken angebracht, der den Stecker vom Gewicht des Kabels entlastet.<\/p>\n<p>Hierzu werden zwei unterschiedliche Haken ben\u00f6tigt:<\/p>\n<p><strong>1. Edelstahl-Haken<\/strong><br \/>\nDieser wird in eine \u00d6se eingeh\u00e4ngt, die sich bei der Flugzeugsteckeraufnahme befindet.<\/p>\n<p><strong>2. Kunststoff-Kralle<\/strong><br \/>\nDiese wird speziell, z.B. bei der B737\/ B757 ben\u00f6tigt und unterhalb vom Stecker angebracht.<br \/>\nDer Kunststoff verhindert eine Besch\u00e4digung des Flugzeuges.<\/p>\n<p><strong>3. Edelstahl-Schnalle<\/strong><br \/>\nkorrosionsbest\u00e4ndig gegen Chemikalien.<\/p>\n<p><em> Sie ben\u00f6tigen gr\u00f6\u00dfere St\u00fcckzahlen (ab 10 St\u00fcck)? Kontaktieren Sie uns gerne per Email: <a href=\"mailto:info@weyer.aero\"><span style=\"color: #003366;\">info@weyer.aero<\/span><\/a><\/em><\/p>\n<\/div><\/section><\/div>\n<style type=\"text\/css\" data-created_by=\"avia_inline_auto\" id=\"style-css-av-4dxawo-ef3f4a8d7e2f71ac19059585823ed9eb\">\n#top .flex_column.av-4dxawo-ef3f4a8d7e2f71ac19059585823ed9eb{\nmargin-top:30px;\nmargin-bottom:0px;\n}\n.flex_column.av-4dxawo-ef3f4a8d7e2f71ac19059585823ed9eb{\nborder-width:1px;\nborder-color:#444444;\nborder-style:solid;\nborder-radius:0px 0px 0px 0px;\npadding:15px 15px 15px 15px;\nbackground-color:#ebebeb;\n}\n.responsive #top #wrap_all .flex_column.av-4dxawo-ef3f4a8d7e2f71ac19059585823ed9eb{\nmargin-top:30px;\nmargin-bottom:0px;\n}\n<\/style>\n<div  class='flex_column av-4dxawo-ef3f4a8d7e2f71ac19059585823ed9eb av_one_fourth  avia-builder-el-7  el_after_av_one_half  el_before_av_one_half  flex_column_div  column-top-margin'     ><div class=\"av-woo-purchase-button av-woo-gzd-purchase-button av-c8l22g-8bc5865447e46b0e715ad14b28f97d5b  avia-builder-el-8  avia-builder-el-no-sibling \">\t\t<p class=\"price\"><span class=\"woocommerce-Price-amount amount\"><bdi>75,00&nbsp;<span class=\"woocommerce-Price-currencySymbol\">&euro;<\/span><\/bdi><\/span> <small class=\"woocommerce-price-suffix\"> <small class=\"woocommerce-price-suffix\">zzgl. MwSt. und Versand<\/small><\/small><span class=\"awspn_price_note\" >&nbsp;\/&nbsp;St\u00fcck<\/span><\/p>\n\t\t\n\t<p class=\"wc-gzd-additional-info product-units-wrapper product-units\"><\/p>\n\n\n\n\n<div class=\"legal-price-info\">\n\t<p class=\"wc-gzd-additional-info\">\n\t\t\t\t\t\t\t<span class=\"wc-gzd-additional-info shipping-costs-info\">und <a href=\"https:\/\/www.weyer.aero\/shop\/versandarten\/\" target=\"_blank\">Versandkosten<\/a><\/span>\n\t\t\t<\/p>\n<\/div>\n\n\n\n\n\t<p class=\"wc-gzd-additional-info delivery-time-info\"><span class=\"delivery-time-inner delivery-time-innerhalb-von-5-werktagen-fr-standardversion\">zzgl. MwSt. und Versand<\/span><\/p>\n\t\t<span class=\"product_meta\"><\/span>\n\n\t\t\n\t\n\t<form class=\"cart\" action=\"https:\/\/www.weyer.aero\/shop\/produkt\/zugentlastung\/\" method=\"post\" enctype='multipart\/form-data'>\n\t\t\n\t\t<div class=\"quantity\">\n\t\t<label class=\"screen-reader-text\" for=\"quantity_69ef8c541c141\">Kabel-Zugentlastung Menge<\/label>\n\t<input\n\t\ttype=\"number\"\n\t\t\t\tid=\"quantity_69ef8c541c141\"\n\t\tclass=\"input-text qty text\"\n\t\tname=\"quantity\"\n\t\tvalue=\"1\"\n\t\taria-label=\"Produktmenge\"\n\t\t\t\tmin=\"1\"\n\t\t\t\t\t\t\tstep=\"1\"\n\t\t\tplaceholder=\"\"\n\t\t\tinputmode=\"numeric\"\n\t\t\tautocomplete=\"off\"\n\t\t\t\/>\n\t<\/div>\n\n\t\t<button type=\"submit\" name=\"add-to-cart\" value=\"5762\" class=\"single_add_to_cart_button button alt\">In den Warenkorb<\/button>\n\n\t\t\t<\/form>\n\n\t\n\t\t<\/div><\/div>\n<style type=\"text\/css\" data-created_by=\"avia_inline_auto\" id=\"style-css-av-4u5d54-a36a08cff53e51cfe70330bf474e2612\">\n.flex_column.av-4u5d54-a36a08cff53e51cfe70330bf474e2612{\nborder-width:1px;\nborder-color:#444444;\nborder-style:solid;\nborder-radius:0px 0px 0px 0px;\npadding:15px 15px 15px 15px;\n}\n<\/style>\n<div  class='flex_column av-4u5d54-a36a08cff53e51cfe70330bf474e2612 av_one_half  avia-builder-el-9  el_after_av_one_fourth  el_before_av_one_half  first flex_column_div  column-top-margin'     ><p>\n<style type=\"text\/css\" data-created_by=\"avia_inline_auto\" id=\"style-css-av-4cl2qw-cbf422fd11fcdfbf25aa82145414d621\">\n#top .av-special-heading.av-4cl2qw-cbf422fd11fcdfbf25aa82145414d621{\npadding-bottom:10px;\n}\nbody .av-special-heading.av-4cl2qw-cbf422fd11fcdfbf25aa82145414d621 .av-special-heading-tag .heading-char{\nfont-size:25px;\n}\n.av-special-heading.av-4cl2qw-cbf422fd11fcdfbf25aa82145414d621 .av-subheading{\nfont-size:15px;\n}\n<\/style>\n<div  class='av-special-heading av-4cl2qw-cbf422fd11fcdfbf25aa82145414d621 av-special-heading-h3 blockquote modern-quote  avia-builder-el-10  el_before_av_textblock  avia-builder-el-first '><h3 class='av-special-heading-tag '  itemprop=\"headline\"  >Die Vorteile auf einen Blick:<\/h3><div class=\"special-heading-border\"><div class=\"special-heading-inner-border\"><\/div><\/div><\/div><br \/>\n<section  class='av_textblock_section av-jnmduzaj-ffa25577238bc35161e2d26a0f67817c '   itemscope=\"itemscope\" itemtype=\"https:\/\/schema.org\/CreativeWork\" ><div class='avia_textblock'  itemprop=\"text\" ><ul>\n<li>Edelstahl-Haken<\/li>\n<li>Kunststoff-Kralle f\u00fcr B737\/ B757<\/li>\n<li>Flammhemmendes Gurtband<\/li>\n<li>Korrosionsbest\u00e4ndige Edelstahlschnalle<\/li>\n<\/ul>\n<\/div><\/section><\/p><\/div>\n<style type=\"text\/css\" data-created_by=\"avia_inline_auto\" id=\"style-css-av-4u5d54-2-d9e8e038d62d4174451e3b0cba23f278\">\n.flex_column.av-4u5d54-2-d9e8e038d62d4174451e3b0cba23f278{\nborder-width:1px;\nborder-color:#444444;\nborder-style:solid;\nborder-radius:0px 0px 0px 0px;\npadding:15px 15px 15px 15px;\n}\n<\/style>\n<div  class='flex_column av-4u5d54-2-d9e8e038d62d4174451e3b0cba23f278 av_one_half  avia-builder-el-12  el_after_av_one_half  avia-builder-el-last  flex_column_div  column-top-margin'     ><p>\n<style type=\"text\/css\" data-created_by=\"avia_inline_auto\" id=\"style-css-av-2wqne0-4b8a6da031d300894bc35cc889ed9a31\">\n#top .av-special-heading.av-2wqne0-4b8a6da031d300894bc35cc889ed9a31{\npadding-bottom:10px;\n}\nbody .av-special-heading.av-2wqne0-4b8a6da031d300894bc35cc889ed9a31 .av-special-heading-tag .heading-char{\nfont-size:25px;\n}\n.av-special-heading.av-2wqne0-4b8a6da031d300894bc35cc889ed9a31 .av-subheading{\nfont-size:15px;\n}\n<\/style>\n<div  class='av-special-heading av-2wqne0-4b8a6da031d300894bc35cc889ed9a31 av-special-heading-h3 blockquote modern-quote  avia-builder-el-13  el_before_av_textblock  avia-builder-el-first '><h3 class='av-special-heading-tag '  itemprop=\"headline\"  >Technische Daten:<\/h3><div class=\"special-heading-border\"><div class=\"special-heading-inner-border\"><\/div><\/div><\/div><br \/>\n<section  class='av_textblock_section av-jnmduzaj-1-95310d15b4e9ba2e2bf1008479f92fcc '   itemscope=\"itemscope\" itemtype=\"https:\/\/schema.org\/CreativeWork\" ><div class='avia_textblock'  itemprop=\"text\" ><div id=\"tab-technische-daten\" class=\"woocommerce-Tabs-panel woocommerce-Tabs-panel--technische-daten panel entry-content wc-tab\" role=\"tabpanel\" aria-labelledby=\"tab-title-technische-daten\">\n<p><strong>Abmessungen\/ Eigenschaften:<\/strong><\/p>\n<p>Das WEYER-Set besteht aus:<\/p>\n<ul>\n<li>Edelstahl-Haken<\/li>\n<li>Kunststoffhaken, L\u00e4nge 100mm, Breite 80mm<\/li>\n<li>Blaufarbenes Gurtband (flammhemmend)<\/li>\n<li>Edelstahlschnallen, wird um das Kabel befestigt<\/li>\n<\/ul>\n<\/div>\n<\/div><\/section><\/p><\/div><\/div><\/div><\/main><!-- close content main element --><\/div><\/div><div id='after_section_1'  class='main_color av_default_container_wrap container_wrap sidebar_right'  ><div class='container av-section-cont-open' ><div class='template-page content  av-content-small alpha units'><div class='post-entry post-entry-type-page post-entry-5762'><div class='entry-content-wrapper clearfix'>\n","protected":false},"excerpt":{"rendered":"<ul>\n<li>Edelstahl-Haken<\/li>\n<li>Kunststoff-Kralle f\u00fcr Boeing B737\/ B757<\/li>\n<li>Flammhemmendes blaues Gurtband<\/li>\n<li>Edelstahlschnalle<\/li>\n<\/ul>\n","protected":false},"featured_media":6066,"template":"","meta":[],"product_brand":[],"product_cat":[52,173],"product_tag":[],"class_list":{"0":"post-5762","1":"product","2":"type-product","3":"status-publish","4":"has-post-thumbnail","6":"product_cat-vorfeld","7":"product_cat-kabel-zugentlastung","9":"first","10":"instock","11":"taxable","12":"shipping-taxable","13":"purchasable","14":"product-type-simple"},"yoast_head":"<!-- This site is optimized with the Yoast SEO plugin v27.4 - https:\/\/yoast.com\/product\/yoast-seo-wordpress\/ -->\n<title>GPU-Kabel richtig entlasten &gt;&gt; Kabel-Zugentlastung - Weyer Shop<\/title>\n<meta name=\"description\" content=\"Zur Sicherung des GPU-Steckers am Flugzeug wird ein Entlastungshaken angebracht, der den Stecker vom Gewicht des Kabels entlastet.\" \/>\n<meta name=\"robots\" content=\"index, follow, max-snippet:-1, max-image-preview:large, max-video-preview:-1\" \/>\n<link rel=\"canonical\" href=\"https:\/\/www.weyer.aero\/shop\/produkt\/zugentlastung\/\" \/>\n<meta property=\"og:locale\" content=\"de_DE\" \/>\n<meta property=\"og:type\" content=\"article\" \/>\n<meta property=\"og:title\" content=\"GPU-Kabel richtig entlasten &gt;&gt; Kabel-Zugentlastung - Weyer Shop\" \/>\n<meta property=\"og:description\" content=\"Zur Sicherung des GPU-Steckers am Flugzeug wird ein Entlastungshaken angebracht, der den Stecker vom Gewicht des Kabels entlastet.\" \/>\n<meta property=\"og:url\" content=\"https:\/\/www.weyer.aero\/shop\/produkt\/zugentlastung\/\" \/>\n<meta property=\"og:site_name\" content=\"Weyer Shop\" \/>\n<meta property=\"article:modified_time\" content=\"2025-10-31T07:42:59+00:00\" \/>\n<meta property=\"og:image\" content=\"https:\/\/www.weyer.aero\/shop\/wp-content\/uploads\/2025\/10\/Zugentlastung-2025-Shop.png\" \/>\n\t<meta property=\"og:image:width\" content=\"600\" \/>\n\t<meta property=\"og:image:height\" content=\"600\" \/>\n\t<meta property=\"og:image:type\" content=\"image\/png\" \/>\n<meta name=\"twitter:card\" content=\"summary_large_image\" \/>\n<meta name=\"twitter:label1\" content=\"Gesch\u00e4tzte Lesezeit\" \/>\n\t<meta name=\"twitter:data1\" content=\"3\u00a0Minuten\" \/>\n<script type=\"application\/ld+json\" class=\"yoast-schema-graph\">{\"@context\":\"https:\\\/\\\/schema.org\",\"@graph\":[{\"@type\":\"WebPage\",\"@id\":\"https:\\\/\\\/www.weyer.aero\\\/shop\\\/produkt\\\/zugentlastung\\\/\",\"url\":\"https:\\\/\\\/www.weyer.aero\\\/shop\\\/produkt\\\/zugentlastung\\\/\",\"name\":\"GPU-Kabel richtig entlasten >> Kabel-Zugentlastung - Weyer Shop\",\"isPartOf\":{\"@id\":\"https:\\\/\\\/www.weyer.aero\\\/shop\\\/#website\"},\"primaryImageOfPage\":{\"@id\":\"https:\\\/\\\/www.weyer.aero\\\/shop\\\/produkt\\\/zugentlastung\\\/#primaryimage\"},\"image\":{\"@id\":\"https:\\\/\\\/www.weyer.aero\\\/shop\\\/produkt\\\/zugentlastung\\\/#primaryimage\"},\"thumbnailUrl\":\"https:\\\/\\\/www.weyer.aero\\\/shop\\\/wp-content\\\/uploads\\\/2025\\\/10\\\/Zugentlastung-2025-Shop.png\",\"datePublished\":\"2022-08-08T07:24:44+00:00\",\"dateModified\":\"2025-10-31T07:42:59+00:00\",\"description\":\"Zur Sicherung des GPU-Steckers am Flugzeug wird ein Entlastungshaken angebracht, der den Stecker vom Gewicht des Kabels entlastet.\",\"breadcrumb\":{\"@id\":\"https:\\\/\\\/www.weyer.aero\\\/shop\\\/produkt\\\/zugentlastung\\\/#breadcrumb\"},\"inLanguage\":\"de\",\"potentialAction\":[{\"@type\":\"ReadAction\",\"target\":[\"https:\\\/\\\/www.weyer.aero\\\/shop\\\/produkt\\\/zugentlastung\\\/\"]}]},{\"@type\":\"ImageObject\",\"inLanguage\":\"de\",\"@id\":\"https:\\\/\\\/www.weyer.aero\\\/shop\\\/produkt\\\/zugentlastung\\\/#primaryimage\",\"url\":\"https:\\\/\\\/www.weyer.aero\\\/shop\\\/wp-content\\\/uploads\\\/2025\\\/10\\\/Zugentlastung-2025-Shop.png\",\"contentUrl\":\"https:\\\/\\\/www.weyer.aero\\\/shop\\\/wp-content\\\/uploads\\\/2025\\\/10\\\/Zugentlastung-2025-Shop.png\",\"width\":600,\"height\":600},{\"@type\":\"BreadcrumbList\",\"@id\":\"https:\\\/\\\/www.weyer.aero\\\/shop\\\/produkt\\\/zugentlastung\\\/#breadcrumb\",\"itemListElement\":[{\"@type\":\"ListItem\",\"position\":1,\"name\":\"Startseite\",\"item\":\"https:\\\/\\\/www.weyer.aero\\\/shop\\\/online-shop-flughafenausstattung-und-pilotenbedarf\\\/\"},{\"@type\":\"ListItem\",\"position\":2,\"name\":\"shop-produkte\",\"item\":\"https:\\\/\\\/www.weyer.aero\\\/shop\\\/shop-produkte\\\/\"},{\"@type\":\"ListItem\",\"position\":3,\"name\":\"Kabel-Zugentlastung\"}]},{\"@type\":\"WebSite\",\"@id\":\"https:\\\/\\\/www.weyer.aero\\\/shop\\\/#website\",\"url\":\"https:\\\/\\\/www.weyer.aero\\\/shop\\\/\",\"name\":\"Weyer Shop\",\"description\":\"\",\"potentialAction\":[{\"@type\":\"SearchAction\",\"target\":{\"@type\":\"EntryPoint\",\"urlTemplate\":\"https:\\\/\\\/www.weyer.aero\\\/shop\\\/?s={search_term_string}\"},\"query-input\":{\"@type\":\"PropertyValueSpecification\",\"valueRequired\":true,\"valueName\":\"search_term_string\"}}],\"inLanguage\":\"de\"}]}<\/script>\n<!-- \/ Yoast SEO plugin. -->","yoast_head_json":{"title":"GPU-Kabel richtig entlasten >> Kabel-Zugentlastung - Weyer Shop","description":"Zur Sicherung des GPU-Steckers am Flugzeug wird ein Entlastungshaken angebracht, der den Stecker vom Gewicht des Kabels entlastet.","robots":{"index":"index","follow":"follow","max-snippet":"max-snippet:-1","max-image-preview":"max-image-preview:large","max-video-preview":"max-video-preview:-1"},"canonical":"https:\/\/www.weyer.aero\/shop\/produkt\/zugentlastung\/","og_locale":"de_DE","og_type":"article","og_title":"GPU-Kabel richtig entlasten >> Kabel-Zugentlastung - Weyer Shop","og_description":"Zur Sicherung des GPU-Steckers am Flugzeug wird ein Entlastungshaken angebracht, der den Stecker vom Gewicht des Kabels entlastet.","og_url":"https:\/\/www.weyer.aero\/shop\/produkt\/zugentlastung\/","og_site_name":"Weyer Shop","article_modified_time":"2025-10-31T07:42:59+00:00","og_image":[{"width":600,"height":600,"url":"https:\/\/www.weyer.aero\/shop\/wp-content\/uploads\/2025\/10\/Zugentlastung-2025-Shop.png","type":"image\/png"}],"twitter_card":"summary_large_image","twitter_misc":{"Gesch\u00e4tzte Lesezeit":"3\u00a0Minuten"},"schema":{"@context":"https:\/\/schema.org","@graph":[{"@type":"WebPage","@id":"https:\/\/www.weyer.aero\/shop\/produkt\/zugentlastung\/","url":"https:\/\/www.weyer.aero\/shop\/produkt\/zugentlastung\/","name":"GPU-Kabel richtig entlasten >> Kabel-Zugentlastung - Weyer Shop","isPartOf":{"@id":"https:\/\/www.weyer.aero\/shop\/#website"},"primaryImageOfPage":{"@id":"https:\/\/www.weyer.aero\/shop\/produkt\/zugentlastung\/#primaryimage"},"image":{"@id":"https:\/\/www.weyer.aero\/shop\/produkt\/zugentlastung\/#primaryimage"},"thumbnailUrl":"https:\/\/www.weyer.aero\/shop\/wp-content\/uploads\/2025\/10\/Zugentlastung-2025-Shop.png","datePublished":"2022-08-08T07:24:44+00:00","dateModified":"2025-10-31T07:42:59+00:00","description":"Zur Sicherung des GPU-Steckers am Flugzeug wird ein Entlastungshaken angebracht, der den Stecker vom Gewicht des Kabels entlastet.","breadcrumb":{"@id":"https:\/\/www.weyer.aero\/shop\/produkt\/zugentlastung\/#breadcrumb"},"inLanguage":"de","potentialAction":[{"@type":"ReadAction","target":["https:\/\/www.weyer.aero\/shop\/produkt\/zugentlastung\/"]}]},{"@type":"ImageObject","inLanguage":"de","@id":"https:\/\/www.weyer.aero\/shop\/produkt\/zugentlastung\/#primaryimage","url":"https:\/\/www.weyer.aero\/shop\/wp-content\/uploads\/2025\/10\/Zugentlastung-2025-Shop.png","contentUrl":"https:\/\/www.weyer.aero\/shop\/wp-content\/uploads\/2025\/10\/Zugentlastung-2025-Shop.png","width":600,"height":600},{"@type":"BreadcrumbList","@id":"https:\/\/www.weyer.aero\/shop\/produkt\/zugentlastung\/#breadcrumb","itemListElement":[{"@type":"ListItem","position":1,"name":"Startseite","item":"https:\/\/www.weyer.aero\/shop\/online-shop-flughafenausstattung-und-pilotenbedarf\/"},{"@type":"ListItem","position":2,"name":"shop-produkte","item":"https:\/\/www.weyer.aero\/shop\/shop-produkte\/"},{"@type":"ListItem","position":3,"name":"Kabel-Zugentlastung"}]},{"@type":"WebSite","@id":"https:\/\/www.weyer.aero\/shop\/#website","url":"https:\/\/www.weyer.aero\/shop\/","name":"Weyer Shop","description":"","potentialAction":[{"@type":"SearchAction","target":{"@type":"EntryPoint","urlTemplate":"https:\/\/www.weyer.aero\/shop\/?s={search_term_string}"},"query-input":{"@type":"PropertyValueSpecification","valueRequired":true,"valueName":"search_term_string"}}],"inLanguage":"de"}]}},"_links":{"self":[{"href":"https:\/\/www.weyer.aero\/shop\/wp-json\/wp\/v2\/product\/5762","targetHints":{"allow":["GET"]}}],"collection":[{"href":"https:\/\/www.weyer.aero\/shop\/wp-json\/wp\/v2\/product"}],"about":[{"href":"https:\/\/www.weyer.aero\/shop\/wp-json\/wp\/v2\/types\/product"}],"wp:featuredmedia":[{"embeddable":true,"href":"https:\/\/www.weyer.aero\/shop\/wp-json\/wp\/v2\/media\/6066"}],"wp:attachment":[{"href":"https:\/\/www.weyer.aero\/shop\/wp-json\/wp\/v2\/media?parent=5762"}],"wp:term":[{"taxonomy":"product_brand","embeddable":true,"href":"https:\/\/www.weyer.aero\/shop\/wp-json\/wp\/v2\/product_brand?post=5762"},{"taxonomy":"product_cat","embeddable":true,"href":"https:\/\/www.weyer.aero\/shop\/wp-json\/wp\/v2\/product_cat?post=5762"},{"taxonomy":"product_tag","embeddable":true,"href":"https:\/\/www.weyer.aero\/shop\/wp-json\/wp\/v2\/product_tag?post=5762"}],"curies":[{"name":"wp","href":"https:\/\/api.w.org\/{rel}","templated":true}]}}